{"id":108,"date":"2020-06-24T14:55:00","date_gmt":"2020-06-24T12:55:00","guid":{"rendered":"http:\/\/in-pack.fr\/?page_id=108"},"modified":"2020-11-10T14:16:24","modified_gmt":"2020-11-10T13:16:24","slug":"fermeture","status":"publish","type":"page","link":"https:\/\/www.in-pack.fr\/index.php\/fermeture\/","title":{"rendered":"Fermeture"},"content":{"rendered":"\t\t<div data-elementor-type=\"wp-page\" data-elementor-id=\"108\" class=\"elementor elementor-108\">\n\t\t\t\t\t\t<div class=\"elementor-inner\">\n\t\t\t\t<div class=\"elementor-section-wrap\">\n\t\t\t\t\t\t\t\t\t<section class=\"elementor-section elementor-top-section elementor-element elementor-element-220f2801 elementor-section-full_width elementor-section-height-min-height elementor-section-stretched elementor-section-height-default elementor-section-items-middle\" data-id=\"220f2801\" data-element_type=\"section\" data-settings=\"{&quot;background_background&quot;:&quot;classic&quot;,&quot;stretch_section&quot;:&quot;section-stretched&quot;,&quot;_ha_eqh_enable&quot;:false}\">\n\t\t\t\t\t\t<div class=\"elementor-container elementor-column-gap-default\">\n\t\t\t\t\t\t\t<div class=\"elementor-row\">\n\t\t\t\t\t<div class=\"elementor-column elementor-col-50 elementor-top-column elementor-element elementor-element-633bd548\" data-id=\"633bd548\" data-element_type=\"column\" data-settings=\"{&quot;background_background&quot;:&quot;classic&quot;}\">\n\t\t\t<div class=\"elementor-column-wrap elementor-element-populated\">\n\t\t\t\t\t\t\t<div class=\"elementor-widget-wrap\">\n\t\t\t\t\t\t<div class=\"elementor-element elementor-element-24a0bf13 elementor-widget elementor-widget-heading\" data-id=\"24a0bf13\" data-element_type=\"widget\" data-widget_type=\"heading.default\">\n\t\t\t\t<div class=\"elementor-widget-container\">\n\t\t\t<h2 class=\"elementor-heading-title elementor-size-default\">Fermeture<\/h2>\t\t<\/div>\n\t\t\t\t<\/div>\n\t\t\t\t<div class=\"elementor-element elementor-element-3b683473 elementor-widget elementor-widget-text-editor\" data-id=\"3b683473\" data-element_type=\"widget\" data-settings=\"{&quot;ha_floating_fx&quot;:&quot;yes&quot;}\" data-widget_type=\"text-editor.default\">\n\t\t\t\t<div class=\"elementor-widget-container\">\n\t\t\t\t\t\t\t\t<div class=\"elementor-text-editor elementor-clearfix\">\n\t\t\t\t<p>Chaque emballage n\u00e9cessite une fermeture ad\u00e9quate, c&#8217;est pourquoi un grand nombre de solutions vous sont propos\u00e9es :\u00a0<\/p><p>R\u00e9sistants aux variations de temp\u00e9rature, les adh\u00e9sifs polypropyl\u00e8nes seront adapt\u00e9s \u00e0 vos produits sensibles. Les rubans PVC seront eux plus r\u00e9sistants \u00e0 la perforation ou aux d\u00e9chirures. Pour tout conseil ou renseignement, n&#8217;h\u00e9sitez pas \u00e0 nous solliciter.\u00a0<\/p>\t\t\t\t\t<\/div>\n\t\t\t\t\t\t<\/div>\n\t\t\t\t<\/div>\n\t\t\t\t<div class=\"elementor-element elementor-element-357b2540 elementor-widget elementor-widget-button\" data-id=\"357b2540\" data-element_type=\"widget\" data-widget_type=\"button.default\">\n\t\t\t\t<div class=\"elementor-widget-container\">\n\t\t\t\t\t<div class=\"elementor-button-wrapper\">\n\t\t\t<a href=\"#wow-modal-id-5\" class=\"elementor-button-link elementor-button elementor-size-sm\" role=\"button\">\n\t\t\t\t\t\t<span class=\"elementor-button-content-wrapper\">\n\t\t\t\t\t\t<span class=\"elementor-button-text\">En savoir plus<\/span>\n\t\t<\/span>\n\t\t\t\t\t<\/a>\n\t\t<\/div>\n\t\t\t\t<\/div>\n\t\t\t\t<\/div>\n\t\t\t\t\t\t<\/div>\n\t\t\t\t\t<\/div>\n\t\t<\/div>\n\t\t\t\t<div class=\"elementor-column elementor-col-50 elementor-top-column elementor-element elementor-element-2733c5a5\" data-id=\"2733c5a5\" data-element_type=\"column\">\n\t\t\t<div class=\"elementor-column-wrap elementor-element-populated\">\n\t\t\t\t\t\t\t<div class=\"elementor-widget-wrap\">\n\t\t\t\t\t\t<section class=\"elementor-section elementor-inner-section elementor-element elementor-element-575548ec elementor-section-boxed elementor-section-height-default elementor-section-height-default\" data-id=\"575548ec\" data-element_type=\"section\" data-settings=\"{&quot;_ha_eqh_enable&quot;:false}\">\n\t\t\t\t\t\t<div class=\"elementor-container elementor-column-gap-default\">\n\t\t\t\t\t\t\t<div class=\"elementor-row\">\n\t\t\t\t\t<div class=\"elementor-column elementor-col-50 elementor-inner-column elementor-element elementor-element-66a6ca0f\" data-id=\"66a6ca0f\" data-element_type=\"column\" data-settings=\"{&quot;background_background&quot;:&quot;gradient&quot;}\">\n\t\t\t<div class=\"elementor-column-wrap elementor-element-populated\">\n\t\t\t\t\t<div class=\"elementor-background-overlay\"><\/div>\n\t\t\t\t\t\t\t<div class=\"elementor-widget-wrap\">\n\t\t\t\t\t\t<div data-ha-element-link=\"{&quot;url&quot;:&quot;https:\\\/\\\/www.in-pack.fr\\\/index.php\\\/rubans-adhesifs\\\/&quot;,&quot;is_external&quot;:&quot;&quot;,&quot;nofollow&quot;:&quot;&quot;}\" style=\"cursor: pointer\" class=\"elementor-element elementor-element-219860a1 ha-infobox-media-dir-top elementor-invisible ha-has-bg-overlay elementor-widget elementor-widget-ha-infobox happy-addon ha-infobox\" data-id=\"219860a1\" data-element_type=\"widget\" data-settings=\"{&quot;_animation&quot;:&quot;fadeInDown&quot;,&quot;_animation_delay&quot;:100}\" data-widget_type=\"ha-infobox.default\">\n\t\t\t\t<div class=\"elementor-widget-container\">\n\t\t\t\n\t\t\t\t\t<figure class=\"ha-infobox-figure ha-infobox-figure--image\">\n\t\t\t\t<img width=\"300\" height=\"225\" src=\"https:\/\/www.in-pack.fr\/wp-content\/uploads\/2020\/07\/rubfra-300x225.jpg\" class=\"elementor-animation-disable-animation attachment-medium size-medium\" alt=\"\" loading=\"lazy\" srcset=\"https:\/\/www.in-pack.fr\/wp-content\/uploads\/2020\/07\/rubfra-300x225.jpg 300w, https:\/\/www.in-pack.fr\/wp-content\/uploads\/2020\/07\/rubfra-1024x768.jpg 1024w, https:\/\/www.in-pack.fr\/wp-content\/uploads\/2020\/07\/rubfra-768x576.jpg 768w, https:\/\/www.in-pack.fr\/wp-content\/uploads\/2020\/07\/rubfra-600x450.jpg 600w, https:\/\/www.in-pack.fr\/wp-content\/uploads\/2020\/07\/rubfra-24x18.jpg 24w, https:\/\/www.in-pack.fr\/wp-content\/uploads\/2020\/07\/rubfra-36x27.jpg 36w, https:\/\/www.in-pack.fr\/wp-content\/uploads\/2020\/07\/rubfra-48x36.jpg 48w, https:\/\/www.in-pack.fr\/wp-content\/uploads\/2020\/07\/rubfra.jpg 1200w\" sizes=\"(max-width: 300px) 100vw, 300px\" \/>\t\t\t<\/figure>\n\t\t\n\t\t<div class=\"ha-infobox-body\">\n\t\t\t<h2 class=\"ha-infobox-title\">Adh\u00e9sifs standards<\/h2>\n\t\t\t\t\t\t\t<div class=\"ha-infobox-text\">\n\t\t\t\t\t<p>Pour vos usages courants, cette gamme d'adh\u00e9sifs est personnalisable et saura correspondre \u00e0 la majorit\u00e9 des besoins de votre entreprise. <\/p>\n\t\t\t\t<\/div>\n\t\t\t\n\t\t\t\t\t<\/div>\n\t\t\t\t<\/div>\n\t\t\t\t<\/div>\n\t\t\t\t\t\t<\/div>\n\t\t\t\t\t<\/div>\n\t\t<\/div>\n\t\t\t\t<div class=\"elementor-column elementor-col-50 elementor-inner-column elementor-element elementor-element-3bcc6e42\" data-id=\"3bcc6e42\" data-element_type=\"column\">\n\t\t\t<div class=\"elementor-column-wrap elementor-element-populated\">\n\t\t\t\t\t\t\t<div class=\"elementor-widget-wrap\">\n\t\t\t\t\t\t<div data-ha-element-link=\"{&quot;url&quot;:&quot;https:\\\/\\\/www.in-pack.fr\\\/index.php\\\/adhesifs-techniques\\\/&quot;,&quot;is_external&quot;:&quot;&quot;,&quot;nofollow&quot;:&quot;&quot;}\" style=\"cursor: pointer\" class=\"elementor-element elementor-element-35a42d25 ha-infobox-media-dir-top elementor-invisible ha-has-bg-overlay elementor-widget elementor-widget-ha-infobox happy-addon ha-infobox\" data-id=\"35a42d25\" data-element_type=\"widget\" data-settings=\"{&quot;_animation&quot;:&quot;fadeInDown&quot;,&quot;_animation_delay&quot;:200}\" data-widget_type=\"ha-infobox.default\">\n\t\t\t\t<div class=\"elementor-widget-container\">\n\t\t\t\n\t\t\t\t\t<figure class=\"ha-infobox-figure ha-infobox-figure--image\">\n\t\t\t\t<img width=\"300\" height=\"225\" src=\"https:\/\/www.in-pack.fr\/wp-content\/uploads\/2020\/07\/etir-300x225.jpg\" class=\"elementor-animation-disable-animation attachment-medium size-medium\" alt=\"\" loading=\"lazy\" srcset=\"https:\/\/www.in-pack.fr\/wp-content\/uploads\/2020\/07\/etir-300x225.jpg 300w, https:\/\/www.in-pack.fr\/wp-content\/uploads\/2020\/07\/etir-600x450.jpg 600w, https:\/\/www.in-pack.fr\/wp-content\/uploads\/2020\/07\/etir-24x18.jpg 24w, https:\/\/www.in-pack.fr\/wp-content\/uploads\/2020\/07\/etir-36x27.jpg 36w, https:\/\/www.in-pack.fr\/wp-content\/uploads\/2020\/07\/etir-48x36.jpg 48w, https:\/\/www.in-pack.fr\/wp-content\/uploads\/2020\/07\/etir.jpg 640w\" sizes=\"(max-width: 300px) 100vw, 300px\" \/>\t\t\t<\/figure>\n\t\t\n\t\t<div class=\"ha-infobox-body\">\n\t\t\t<h2 class=\"ha-infobox-title\">Adh\u00e9sifs techniques<\/h2>\n\t\t\t\t\t\t\t<div class=\"ha-infobox-text\">\n\t\t\t\t\t<p>Plus adapt\u00e9s aux besoins particuliers tels que le stockage de produits lourds, le stockage vertical ou le sellage d\u00e9finitif de vos cartons. <\/p>\n\t\t\t\t<\/div>\n\t\t\t\n\t\t\t\t\t<\/div>\n\t\t\t\t<\/div>\n\t\t\t\t<\/div>\n\t\t\t\t\t\t<\/div>\n\t\t\t\t\t<\/div>\n\t\t<\/div>\n\t\t\t\t\t\t\t\t<\/div>\n\t\t\t\t\t<\/div>\n\t\t<\/section>\n\t\t\t\t<section class=\"elementor-section elementor-inner-section elementor-element elementor-element-504749e9 elementor-section-boxed elementor-section-height-default elementor-section-height-default\" data-id=\"504749e9\" data-element_type=\"section\" data-settings=\"{&quot;_ha_eqh_enable&quot;:false}\">\n\t\t\t\t\t\t<div class=\"elementor-container elementor-column-gap-default\">\n\t\t\t\t\t\t\t<div class=\"elementor-row\">\n\t\t\t\t\t<div class=\"elementor-column elementor-col-50 elementor-inner-column elementor-element elementor-element-52affb8f\" data-id=\"52affb8f\" data-element_type=\"column\">\n\t\t\t<div class=\"elementor-column-wrap elementor-element-populated\">\n\t\t\t\t\t\t\t<div class=\"elementor-widget-wrap\">\n\t\t\t\t\t\t<div data-ha-element-link=\"{&quot;url&quot;:&quot;https:\\\/\\\/www.in-pack.fr\\\/index.php\\\/cerclage\\\/&quot;,&quot;is_external&quot;:&quot;&quot;,&quot;nofollow&quot;:&quot;&quot;}\" style=\"cursor: pointer\" class=\"elementor-element elementor-element-54ec9f24 ha-infobox-media-dir-top elementor-invisible ha-has-bg-overlay elementor-widget elementor-widget-ha-infobox happy-addon ha-infobox\" data-id=\"54ec9f24\" data-element_type=\"widget\" data-settings=\"{&quot;_animation&quot;:&quot;fadeInDown&quot;,&quot;_animation_delay&quot;:300}\" data-widget_type=\"ha-infobox.default\">\n\t\t\t\t<div class=\"elementor-widget-container\">\n\t\t\t\n\t\t\t\t\t<figure class=\"ha-infobox-figure ha-infobox-figure--image\">\n\t\t\t\t<img width=\"700\" height=\"700\" src=\"https:\/\/www.in-pack.fr\/wp-content\/uploads\/2020\/07\/ppmachine.jpg\" class=\"elementor-animation-disable-animation attachment-full size-full\" alt=\"\" loading=\"lazy\" srcset=\"https:\/\/www.in-pack.fr\/wp-content\/uploads\/2020\/07\/ppmachine.jpg 700w, https:\/\/www.in-pack.fr\/wp-content\/uploads\/2020\/07\/ppmachine-300x300.jpg 300w, https:\/\/www.in-pack.fr\/wp-content\/uploads\/2020\/07\/ppmachine-150x150.jpg 150w, https:\/\/www.in-pack.fr\/wp-content\/uploads\/2020\/07\/ppmachine-24x24.jpg 24w, https:\/\/www.in-pack.fr\/wp-content\/uploads\/2020\/07\/ppmachine-36x36.jpg 36w, https:\/\/www.in-pack.fr\/wp-content\/uploads\/2020\/07\/ppmachine-48x48.jpg 48w\" sizes=\"(max-width: 700px) 100vw, 700px\" \/>\t\t\t<\/figure>\n\t\t\n\t\t<div class=\"ha-infobox-body\">\n\t\t\t<h2 class=\"ha-infobox-title\">Feuillards de cerclage<\/h2>\n\t\t\t\t\t\t\t<div class=\"ha-infobox-text\">\n\t\t\t\t\t<p>Disponibles dans plusieurs mat\u00e9riau et largeurs, accompagn\u00e9s ou non d'accessoires de cerclage. Assurera le maintient de vos cartons \/ palettes.<\/p>\n\t\t\t\t<\/div>\n\t\t\t\n\t\t\t\t\t<\/div>\n\t\t\t\t<\/div>\n\t\t\t\t<\/div>\n\t\t\t\t\t\t<\/div>\n\t\t\t\t\t<\/div>\n\t\t<\/div>\n\t\t\t\t<div class=\"elementor-column elementor-col-50 elementor-inner-column elementor-element elementor-element-446fa19d\" data-id=\"446fa19d\" data-element_type=\"column\">\n\t\t\t<div class=\"elementor-column-wrap elementor-element-populated\">\n\t\t\t\t\t\t\t<div class=\"elementor-widget-wrap\">\n\t\t\t\t\t\t<div data-ha-element-link=\"{&quot;url&quot;:&quot;https:\\\/\\\/www.in-pack.fr\\\/index.php\\\/autres-fermetures\\\/&quot;,&quot;is_external&quot;:&quot;&quot;,&quot;nofollow&quot;:&quot;&quot;}\" style=\"cursor: pointer\" class=\"elementor-element elementor-element-8a22a0e ha-infobox-media-dir-top elementor-invisible ha-has-bg-overlay elementor-widget elementor-widget-ha-infobox happy-addon ha-infobox\" data-id=\"8a22a0e\" data-element_type=\"widget\" data-settings=\"{&quot;_animation&quot;:&quot;fadeInDown&quot;,&quot;_animation_delay&quot;:300}\" data-widget_type=\"ha-infobox.default\">\n\t\t\t\t<div class=\"elementor-widget-container\">\n\t\t\t\n\t\t\t\t\t<figure class=\"ha-infobox-figure ha-infobox-figure--image\">\n\t\t\t\t<img width=\"417\" height=\"343\" src=\"https:\/\/www.in-pack.fr\/wp-content\/uploads\/2020\/07\/Agrafe.png\" class=\"elementor-animation-disable-animation attachment-full size-full\" alt=\"\" loading=\"lazy\" srcset=\"https:\/\/www.in-pack.fr\/wp-content\/uploads\/2020\/07\/Agrafe.png 417w, https:\/\/www.in-pack.fr\/wp-content\/uploads\/2020\/07\/Agrafe-300x247.png 300w, https:\/\/www.in-pack.fr\/wp-content\/uploads\/2020\/07\/Agrafe-24x20.png 24w, https:\/\/www.in-pack.fr\/wp-content\/uploads\/2020\/07\/Agrafe-36x30.png 36w, https:\/\/www.in-pack.fr\/wp-content\/uploads\/2020\/07\/Agrafe-48x39.png 48w\" sizes=\"(max-width: 417px) 100vw, 417px\" \/>\t\t\t<\/figure>\n\t\t\n\t\t<div class=\"ha-infobox-body\">\n\t\t\t<h2 class=\"ha-infobox-title\">Autres fermetures<\/h2>\n\t\t\t\t\t\t\t<div class=\"ha-infobox-text\">\n\t\t\t\t\t<p>Pour vos besoins sp\u00e9cifiques, une gamme compl\u00e8te d'agrafeuses et de pistolets \u00e0 colle vous est propos\u00e9e ici. <\/p>\n\t\t\t\t<\/div>\n\t\t\t\n\t\t\t\t\t<\/div>\n\t\t\t\t<\/div>\n\t\t\t\t<\/div>\n\t\t\t\t\t\t<\/div>\n\t\t\t\t\t<\/div>\n\t\t<\/div>\n\t\t\t\t\t\t\t\t<\/div>\n\t\t\t\t\t<\/div>\n\t\t<\/section>\n\t\t\t\t\t\t<\/div>\n\t\t\t\t\t<\/div>\n\t\t<\/div>\n\t\t\t\t\t\t\t\t<\/div>\n\t\t\t\t\t<\/div>\n\t\t<\/section>\n\t\t\t\t\t\t\t\t\t<\/div>\n\t\t\t<\/div>\n\t\t\t\t\t<\/div>\n\t\t","protected":false},"excerpt":{"rendered":"<p>Fermeture Chaque emballage n\u00e9cessite une fermeture ad\u00e9quate, c&#8217;est pourquoi un grand nombre de solutions vous sont propos\u00e9es :&nbsp; R\u00e9sistants aux<\/p>\n","protected":false},"author":1,"featured_media":0,"parent":0,"menu_order":0,"comment_status":"closed","ping_status":"closed","template":"","meta":{"_eb_attr":""},"_links":{"self":[{"href":"https:\/\/www.in-pack.fr\/index.php\/wp-json\/wp\/v2\/pages\/108"}],"collection":[{"href":"https:\/\/www.in-pack.fr\/index.php\/wp-json\/wp\/v2\/pages"}],"about":[{"href":"https:\/\/www.in-pack.fr\/index.php\/wp-json\/wp\/v2\/types\/page"}],"author":[{"embeddable":true,"href":"https:\/\/www.in-pack.fr\/index.php\/wp-json\/wp\/v2\/users\/1"}],"replies":[{"embeddable":true,"href":"https:\/\/www.in-pack.fr\/index.php\/wp-json\/wp\/v2\/comments?post=108"}],"version-history":[{"count":19,"href":"https:\/\/www.in-pack.fr\/index.php\/wp-json\/wp\/v2\/pages\/108\/revisions"}],"predecessor-version":[{"id":4190,"href":"https:\/\/www.in-pack.fr\/index.php\/wp-json\/wp\/v2\/pages\/108\/revisions\/4190"}],"wp:attachment":[{"href":"https:\/\/www.in-pack.fr\/index.php\/wp-json\/wp\/v2\/media?parent=108"}],"curies":[{"name":"wp","href":"https:\/\/api.w.org\/{rel}","templated":true}]}}